{"id":12515,"date":"2015-05-10T15:36:00","date_gmt":"2015-05-10T13:36:00","guid":{"rendered":"https:\/\/krankaufmann.ch\/krankaufmann-2019\/services\/accessoires\/ersatzteile\/"},"modified":"2025-12-12T10:39:19","modified_gmt":"2025-12-12T09:39:19","slug":"pieces-detachees","status":"publish","type":"page","link":"https:\/\/krankaufmann.ch\/fr\/services\/accessoires\/pieces-detachees\/","title":{"rendered":"Pi\u00e8ces d\u00e9tach\u00e9es"},"content":{"rendered":"","protected":false},"excerpt":{"rendered":"","protected":false},"author":2,"featured_media":0,"parent":12503,"menu_order":1,"comment_status":"closed","ping_status":"closed","template":"","meta":{"_acf_changed":false,"footnotes":""},"class_list":["post-12515","page","type-page","status-publish","hentry"],"acf":[],"_links":{"self":[{"href":"https:\/\/krankaufmann.ch\/fr\/wp-json\/wp\/v2\/pages\/12515","targetHints":{"allow":["GET"]}}],"collection":[{"href":"https:\/\/krankaufmann.ch\/fr\/wp-json\/wp\/v2\/pages"}],"about":[{"href":"https:\/\/krankaufmann.ch\/fr\/wp-json\/wp\/v2\/types\/page"}],"author":[{"embeddable":true,"href":"https:\/\/krankaufmann.ch\/fr\/wp-json\/wp\/v2\/users\/2"}],"replies":[{"embeddable":true,"href":"https:\/\/krankaufmann.ch\/fr\/wp-json\/wp\/v2\/comments?post=12515"}],"version-history":[{"count":6,"href":"https:\/\/krankaufmann.ch\/fr\/wp-json\/wp\/v2\/pages\/12515\/revisions"}],"predecessor-version":[{"id":28429,"href":"https:\/\/krankaufmann.ch\/fr\/wp-json\/wp\/v2\/pages\/12515\/revisions\/28429"}],"up":[{"embeddable":true,"href":"https:\/\/krankaufmann.ch\/fr\/wp-json\/wp\/v2\/pages\/12503"}],"wp:attachment":[{"href":"https:\/\/krankaufmann.ch\/fr\/wp-json\/wp\/v2\/media?parent=12515"}],"curies":[{"name":"wp","href":"https:\/\/api.w.org\/{rel}","templated":true}]}}